{"id":7882,"date":"2014-08-01T15:17:00","date_gmt":"2014-08-01T19:17:00","guid":{"rendered":"https:\/\/www.mmhpc.com\/attorney-profiles\/tahreem-kalam\/"},"modified":"2024-12-03T07:08:47","modified_gmt":"2024-12-03T13:08:47","slug":"tahreem-kalam","status":"publish","type":"page","link":"https:\/\/www.mmhpc.com\/pl\/attorney-profiles\/tahreem-kalam\/","title":{"rendered":"Tahreem Kalam"},"content":{"rendered":"<p>Tahreem Kalam do\u0142\u0105czy\u0142 do kancelarii Minsky McCormick and Hallagan P.C. w 2014 r. jako prawnik wsp\u00f3\u0142pracuj\u0105cy, a obecnie pe\u0142ni funkcj\u0119 g\u0142\u00f3wnego partnera. Zosta\u0142a nazwana <a href=\"https:\/\/profiles.superlawyers.com\/illinois\/chicago\/lawyer\/tahreem-kalam\/bef95261-f09a-4748-a1fb-fff3babf16b9.html\" target=\"_blank\" rel=\"noopener\">Wschodz\u0105c\u0105 Gwiazd\u0105 Imigracji przez Super Lawyers Magazine<\/a> ka\u017cdego roku od 2017 r. i nagrodzona <a href=\"https:\/\/www.bestlawyers.com\/lawyers\/tahreem-kalam\/377498\" target=\"_blank\" rel=\"noopener\"><em>Najlepszymi Prawnikami: Warto Na Niego Zwraca\u0107<\/em><\/a> od 2024 r. Dzia\u0142a w znanych Komitetach AILA Chicago, takich jak \u0142\u0105cznik z U.S. Customs and Border Patrol.<\/p>\n<p>Praktyka Tahreema koncentruje si\u0119 na wszystkich aspektach prawa imigracyjnego, ze specjalizacj\u0105 w <a href=\"https:\/\/www.mmhpc.com\/immigration-law\/employment-based-immigration\/\">prawie imigracyjnym opartym na zatrudnieniu<\/a>. Tahreem jest ekspertem w <a href=\"https:\/\/www.mmhpc.com\/immigration-law\/non-immigrant-visas\/\">wnioskach o wizy pracownicze dla os\u00f3b nieimigracyjnych, takich jak wizy H-1B<\/a>, wizy L-1 na transfer mi\u0119dzyfirmowy, wizy pracownicze TN dla obywateli Kanady i Meksyku oraz zielone karty oparte na zatrudnieniu, w tym proces certyfikacji pracy PERM i EB-1 Managerial lub Executives dla zielonych kart. Wsp\u00f3\u0142pracuje z r\u00f3\u017cnymi klientami biznesowymi, od ma\u0142ych lokalnych pracodawc\u00f3w po mi\u0119dzynarodowe korporacje z listy Fortune 500 w r\u00f3\u017cnych bran\u017cach, w tym technologii, opieki zdrowotnej, produkcji, finans\u00f3w, in\u017cynierii i architektury. Ma du\u017ce do\u015bwiadczenie we wsp\u00f3\u0142pracy z profesjonalistami IT, aktuariuszami, ksi\u0119gowymi, architektami i kadr\u0105 kierownicz\u0105 wysokiego szczebla. Jej praktyka obejmuje r\u00f3wnie\u017c pracownik\u00f3w religijnych w kategorii wiz R-1, od ksi\u0119\u017cy, imam\u00f3w i zakonnic, a tak\u017ce imigracj\u0119 opart\u0105 na rodzinie, w tym zielone karty oparte na ma\u0142\u017ce\u0144stwie oraz wnioski o <a href=\"https:\/\/www.mmhpc.com\/immigration-law\/naturalization\/\">obywatelstwo<\/a> i naturalizacj\u0119.<\/p>\n<p>Tahreem stara si\u0119 zapewni\u0107 swoim klientom doskona\u0142\u0105 komunikacj\u0119 i szybk\u0105 realizacj\u0119, jednocze\u015bnie zapewniaj\u0105c najsilniejsz\u0105 mo\u017cliw\u0105 spraw\u0119. Maj\u0105c za sob\u0105 proces imigracyjny, Tahreem jest w stanie w wyj\u0105tkowy spos\u00f3b zrozumie\u0107 potrzeby i obawy klient\u00f3w oraz rozumie zmieniaj\u0105ce \u017cycie mo\u017cliwo\u015bci, jakie proces imigracyjny w USA przynosi osobom i ich rodzinom na pokolenia.<\/p>\n<p>Przed do\u0142\u0105czeniem do MMHPC, Tahreem zajmowa\u0142a si\u0119 prawem imigracyjnym dla os\u00f3b fizycznych i rodzin w innej lokalnej firmie w Chicago. Podczas studi\u00f3w prawniczych, Tahreem pracowa\u0142a w chicagowskiej firmie prawa rodzinnego i by\u0142a asystentk\u0105 w S\u0105dzie Okr\u0119gowym hrabstwa Cook w Wydziale Stosunk\u00f3w Domowych i Wydziale Kanclerskim. Tahreem po\u015bwi\u0119ca\u0142a r\u00f3wnie\u017c sw\u00f3j czas na mentoring i korepetycje dla nastoletnich dziewcz\u0105t b\u0119d\u0105cych uchod\u017acami, aby pom\u00f3c im przystosowa\u0107 si\u0119 do nowego \u017cycia w Stanach Zjednoczonych.<\/p>\n<p>Tahreem jest cz\u0142onkiem American Immigration Lawyers Association (AILA). Uko\u0144czy\u0142a DePaul University College of Law w 2013 roku.<\/p>\n","protected":false},"excerpt":{"rendered":"<p>Tahreem Kalam do\u0142\u0105czy\u0142 do kancelarii Minsky McCormick and Hallagan P.C. w 2014 r. jako prawnik wsp\u00f3\u0142pracuj\u0105cy, a obecnie pe\u0142ni funkcj\u0119 g\u0142\u00f3wnego partnera. Zosta\u0142a nazwana Wschodz\u0105c\u0105 Gwiazd\u0105 Imigracji przez Super Lawyers Magazine ka\u017cdego roku od 2017 r. i nagrodzona Najlepszymi Prawnikami: Warto Na Niego Zwraca\u0107 od 2024 r. Dzia\u0142a w znanych Komitetach AILA Chicago, takich jak &hellip; <\/p>\n<p class=\"link-more\"><a href=\"https:\/\/www.mmhpc.com\/pl\/attorney-profiles\/tahreem-kalam\/\" class=\"more-link\">Czytaj dalej<span class=\"screen-reader-text\"> \u201eTahreem Kalam\u201d<\/span><\/a><\/p>\n","protected":false},"author":15,"featured_media":14403,"parent":7745,"menu_order":4,"comment_status":"closed","ping_status":"closed","template":"template-parts\/single-profile-page.php","meta":{"_acf_changed":false,"_oasis_is_in_workflow":0,"_oasis_original":0,"_oasis_task_priority":"","footnotes":""},"class_list":["post-7882","page","type-page","status-publish","has-post-thumbnail","hentry","entry"],"acf":[],"_links":{"self":[{"href":"https:\/\/www.mmhpc.com\/pl\/wp-json\/wp\/v2\/pages\/7882","targetHints":{"allow":["GET"]}}],"collection":[{"href":"https:\/\/www.mmhpc.com\/pl\/wp-json\/wp\/v2\/pages"}],"about":[{"href":"https:\/\/www.mmhpc.com\/pl\/wp-json\/wp\/v2\/types\/page"}],"author":[{"embeddable":true,"href":"https:\/\/www.mmhpc.com\/pl\/wp-json\/wp\/v2\/users\/15"}],"replies":[{"embeddable":true,"href":"https:\/\/www.mmhpc.com\/pl\/wp-json\/wp\/v2\/comments?post=7882"}],"version-history":[{"count":31,"href":"https:\/\/www.mmhpc.com\/pl\/wp-json\/wp\/v2\/pages\/7882\/revisions"}],"predecessor-version":[{"id":16486,"href":"https:\/\/www.mmhpc.com\/pl\/wp-json\/wp\/v2\/pages\/7882\/revisions\/16486"}],"up":[{"embeddable":true,"href":"https:\/\/www.mmhpc.com\/pl\/wp-json\/wp\/v2\/pages\/7745"}],"wp:featuredmedia":[{"embeddable":true,"href":"https:\/\/www.mmhpc.com\/pl\/wp-json\/wp\/v2\/media\/14403"}],"wp:attachment":[{"href":"https:\/\/www.mmhpc.com\/pl\/wp-json\/wp\/v2\/media?parent=7882"}],"curies":[{"name":"wp","href":"https:\/\/api.w.org\/{rel}","templated":true}]}}