{"id":7888,"date":"2012-10-15T10:51:45","date_gmt":"2012-10-15T14:51:45","guid":{"rendered":"https:\/\/www.mmhpc.com\/attorney-profiles\/james-hallagan\/"},"modified":"2024-12-03T07:08:09","modified_gmt":"2024-12-03T13:08:09","slug":"james-hallagan","status":"publish","type":"page","link":"https:\/\/www.mmhpc.com\/pl\/attorney-profiles\/james-hallagan\/","title":{"rendered":"James Hallagan"},"content":{"rendered":"<p>James \u201eJim\u201d Hallagan jest g\u0142\u00f3wnym prawnikiem w kancelarii Minsky, McCormick &amp; Hallagan, P.C. od 1980 roku, koncentruj\u0105c swoj\u0105 praktyk\u0119 na sprawach imigracyjnych opartych na rodzinie, naturalizacji, <a href=\"https:\/\/www.mmhpc.com\/pl\/immigration-law\/removal-defense\/\">obronie przed deportacj\u0105<\/a> i apelacjach. Pod koniec lat 80. kierowa\u0142 programem firmy maj\u0105cym na celu uzyskanie amnestii dla jej klient\u00f3w na mocy Immigration Reform and Control Act (IRCA). Jim ma du\u017c\u0105 klientel\u0119 hiszpa\u0144skoj\u0119zyczn\u0105 i szeroko wsp\u00f3\u0142pracuje z wieloma innymi grupami etnicznymi. Z powodzeniem reprezentowa\u0142 klient\u00f3w przed 7th Circuit Court of Appeals i Executive Office for Immigration Review (EOIR). Jim jest absolwentem DePaul University College of Law i University of Illinois w Chicago. Biegle w\u0142ada j\u0119zykiem hiszpa\u0144skim.<\/p>\n","protected":false},"excerpt":{"rendered":"<p>James \u201eJim\u201d Hallagan jest g\u0142\u00f3wnym prawnikiem w kancelarii Minsky, McCormick &amp; Hallagan, P.C. od 1980 roku, koncentruj\u0105c swoj\u0105 praktyk\u0119 na sprawach imigracyjnych opartych na rodzinie, naturalizacji, obronie przed deportacj\u0105 i apelacjach. Pod koniec lat 80. kierowa\u0142 programem firmy maj\u0105cym na celu uzyskanie amnestii dla jej klient\u00f3w na mocy Immigration Reform and Control Act (IRCA). Jim &hellip; <\/p>\n<p class=\"link-more\"><a href=\"https:\/\/www.mmhpc.com\/pl\/attorney-profiles\/james-hallagan\/\" class=\"more-link\">Czytaj dalej<span class=\"screen-reader-text\"> \u201eJames Hallagan\u201d<\/span><\/a><\/p>\n","protected":false},"author":15,"featured_media":14403,"parent":7745,"menu_order":2,"comment_status":"closed","ping_status":"closed","template":"template-parts\/single-profile-page.php","meta":{"_acf_changed":false,"_oasis_is_in_workflow":0,"_oasis_original":0,"_oasis_task_priority":"","footnotes":""},"class_list":["post-7888","page","type-page","status-publish","has-post-thumbnail","hentry","entry"],"acf":[],"_links":{"self":[{"href":"https:\/\/www.mmhpc.com\/pl\/wp-json\/wp\/v2\/pages\/7888","targetHints":{"allow":["GET"]}}],"collection":[{"href":"https:\/\/www.mmhpc.com\/pl\/wp-json\/wp\/v2\/pages"}],"about":[{"href":"https:\/\/www.mmhpc.com\/pl\/wp-json\/wp\/v2\/types\/page"}],"author":[{"embeddable":true,"href":"https:\/\/www.mmhpc.com\/pl\/wp-json\/wp\/v2\/users\/15"}],"replies":[{"embeddable":true,"href":"https:\/\/www.mmhpc.com\/pl\/wp-json\/wp\/v2\/comments?post=7888"}],"version-history":[{"count":28,"href":"https:\/\/www.mmhpc.com\/pl\/wp-json\/wp\/v2\/pages\/7888\/revisions"}],"predecessor-version":[{"id":16484,"href":"https:\/\/www.mmhpc.com\/pl\/wp-json\/wp\/v2\/pages\/7888\/revisions\/16484"}],"up":[{"embeddable":true,"href":"https:\/\/www.mmhpc.com\/pl\/wp-json\/wp\/v2\/pages\/7745"}],"wp:featuredmedia":[{"embeddable":true,"href":"https:\/\/www.mmhpc.com\/pl\/wp-json\/wp\/v2\/media\/14403"}],"wp:attachment":[{"href":"https:\/\/www.mmhpc.com\/pl\/wp-json\/wp\/v2\/media?parent=7888"}],"curies":[{"name":"wp","href":"https:\/\/api.w.org\/{rel}","templated":true}]}}