{"id":9931,"date":"2011-05-16T17:28:23","date_gmt":"2011-05-16T21:28:23","guid":{"rendered":"https:\/\/www.mmhpc.com\/thank-you\/"},"modified":"2024-11-14T15:21:11","modified_gmt":"2024-11-14T21:21:11","slug":"thank-you","status":"publish","type":"page","link":"https:\/\/www.mmhpc.com\/pl\/thank-you\/","title":{"rendered":"Dzi\u0119kuj\u0119"},"content":{"rendered":"<h1>Dzi\u0119kuj\u0119 Ci<\/h1>\n<p>Dzi\u0119kujemy za zainteresowanie nasz\u0105 firm\u0105. Cz\u0142onek naszego personelu wkr\u00f3tce si\u0119 z Tob\u0105 skontaktuje. Mo\u017cesz r\u00f3wnie\u017c zadzwoni\u0107 do naszego biura pod numer (312) 427-6163.<\/p>\n","protected":false},"excerpt":{"rendered":"<p>Dzi\u0119kuj\u0119 Ci Dzi\u0119kujemy za zainteresowanie nasz\u0105 firm\u0105. Cz\u0142onek naszego personelu wkr\u00f3tce si\u0119 z Tob\u0105 skontaktuje. Mo\u017cesz r\u00f3wnie\u017c zadzwoni\u0107 do naszego biura pod numer (312) 427-6163.<\/p>\n","protected":false},"author":15,"featured_media":14902,"parent":0,"menu_order":8,"comment_status":"closed","ping_status":"closed","template":"","meta":{"_acf_changed":false,"_oasis_is_in_workflow":0,"_oasis_original":0,"_oasis_task_priority":"","footnotes":""},"class_list":["post-9931","page","type-page","status-publish","has-post-thumbnail","hentry","entry"],"acf":[],"_links":{"self":[{"href":"https:\/\/www.mmhpc.com\/pl\/wp-json\/wp\/v2\/pages\/9931","targetHints":{"allow":["GET"]}}],"collection":[{"href":"https:\/\/www.mmhpc.com\/pl\/wp-json\/wp\/v2\/pages"}],"about":[{"href":"https:\/\/www.mmhpc.com\/pl\/wp-json\/wp\/v2\/types\/page"}],"author":[{"embeddable":true,"href":"https:\/\/www.mmhpc.com\/pl\/wp-json\/wp\/v2\/users\/15"}],"replies":[{"embeddable":true,"href":"https:\/\/www.mmhpc.com\/pl\/wp-json\/wp\/v2\/comments?post=9931"}],"version-history":[{"count":3,"href":"https:\/\/www.mmhpc.com\/pl\/wp-json\/wp\/v2\/pages\/9931\/revisions"}],"predecessor-version":[{"id":15047,"href":"https:\/\/www.mmhpc.com\/pl\/wp-json\/wp\/v2\/pages\/9931\/revisions\/15047"}],"wp:featuredmedia":[{"embeddable":true,"href":"https:\/\/www.mmhpc.com\/pl\/wp-json\/wp\/v2\/media\/14902"}],"wp:attachment":[{"href":"https:\/\/www.mmhpc.com\/pl\/wp-json\/wp\/v2\/media?parent=9931"}],"curies":[{"name":"wp","href":"https:\/\/api.w.org\/{rel}","templated":true}]}}